{"id":1132,"date":"2022-09-02T13:42:33","date_gmt":"2022-09-02T13:42:33","guid":{"rendered":"https:\/\/transparencygate.com\/?page_id=1132"},"modified":"2023-09-06T07:32:05","modified_gmt":"2023-09-06T07:32:05","slug":"tilgjengelighet","status":"publish","type":"page","link":"https:\/\/transparencygate.com\/no\/tilgjengelighet\/","title":{"rendered":"Tilgjengelighet"},"content":{"rendered":"\n\t<section class=\"section\" id=\"section_493908635\">\n\t\t<div class=\"bg section-bg fill bg-fill  bg-loaded\" >\n\n\t\t\t\n\t\t\t\n\t\t\t\n\n\t\t<\/div>\n\n\t\t\n\n\t\t<div class=\"section-content relative\">\n\t\t\t\n\n<div class=\"row\"  id=\"row-1448103312\">\n\n\n\t<div id=\"col-626961397\" class=\"col medium-4 small-12 large-12\"  >\n\t\t\t\t<div class=\"col-inner\"  >\n\t\t\t\n\t\t\t\n\n\t<div id=\"text-571921294\" class=\"text\">\n\t\t\n\n<h1><span class=\"ez-toc-section\" id=\"The_Transparency_Gate_Tilgjengelighet\"><\/span>The Transparency Gate: Tilgjengelighet<span class=\"ez-toc-section-end\"><\/span><\/h1>\n\t\t\n<style>\n#text-571921294 {\n  font-size: 1.75rem;\n  text-align: center;\n}\n<\/style>\n\t<\/div>\n\t\n<p style=\"text-align: center;\"><span style=\"font-size: 100%;\">Dette er v\u00e5r side om tilgjengelighet. Hvis du leter etter v\u00e5r personvernerkl\u00e6ring kan du finne den <a href=\"https:\/\/transparencygate.com\/no\/personvern\/\">her<\/a> .<\/span><\/p>\n<p style=\"text-align: center;\"><span style=\"font-size: 100%;\"><div id=\"ez-toc-container\" class=\"ez-toc-v2_0_82_2 counter-hierarchy ez-toc-counter ez-toc-custom ez-toc-container-direction\">\n<div class=\"ez-toc-title-container\">\n<p class=\"ez-toc-title\" style=\"cursor:inherit\">Innholdsfortegnelse<\/p>\n<span class=\"ez-toc-title-toggle\"><a href=\"#\" class=\"ez-toc-pull-right ez-toc-btn ez-toc-btn-xs ez-toc-btn-default ez-toc-toggle\" aria-label=\"Toggle Table of Content\"><span class=\"ez-toc-js-icon-con\"><span class=\"\"><span class=\"eztoc-hide\" style=\"display:none;\">Toggle<\/span><span class=\"ez-toc-icon-toggle-span\"><svg style=\"fill: #0a0a0a;color:#0a0a0a\" xmlns=\"http:\/\/www.w3.org\/2000\/svg\" class=\"list-377408\" width=\"20px\" height=\"20px\" viewBox=\"0 0 24 24\" fill=\"none\"><path d=\"M6 6H4v2h2V6zm14 0H8v2h12V6zM4 11h2v2H4v-2zm16 0H8v2h12v-2zM4 16h2v2H4v-2zm16 0H8v2h12v-2z\" fill=\"currentColor\"><\/path><\/svg><svg style=\"fill: #0a0a0a;color:#0a0a0a\" class=\"arrow-unsorted-368013\" xmlns=\"http:\/\/www.w3.org\/2000\/svg\" width=\"10px\" height=\"10px\" viewBox=\"0 0 24 24\" version=\"1.2\" baseProfile=\"tiny\"><path d=\"M18.2 9.3l-6.2-6.3-6.2 6.3c-.2.2-.3.4-.3.7s.1.5.3.7c.2.2.4.3.7.3h11c.3 0 .5-.1.7-.3.2-.2.3-.5.3-.7s-.1-.5-.3-.7zM5.8 14.7l6.2 6.3 6.2-6.3c.2-.2.3-.5.3-.7s-.1-.5-.3-.7c-.2-.2-.4-.3-.7-.3h-11c-.3 0-.5.1-.7.3-.2.2-.3.5-.3.7s.1.5.3.7z\"\/><\/svg><\/span><\/span><\/span><\/a><\/span><\/div>\n<nav><ul class='ez-toc-list ez-toc-list-level-1 ' ><li class='ez-toc-page-1 ez-toc-heading-level-1'><a class=\"ez-toc-link ez-toc-heading-1\" href=\"https:\/\/transparencygate.com\/no\/tilgjengelighet\/#The_Transparency_Gate_Tilgjengelighet\" >The Transparency Gate: Tilgjengelighet<\/a><ul class='ez-toc-list-level-2' ><li class='ez-toc-heading-level-2'><a class=\"ez-toc-link ez-toc-heading-2\" href=\"https:\/\/transparencygate.com\/no\/tilgjengelighet\/#Om_Transparency_Gate\" >Om Transparency Gate<\/a><\/li><li class='ez-toc-page-1 ez-toc-heading-level-2'><a class=\"ez-toc-link ez-toc-heading-3\" href=\"https:\/\/transparencygate.com\/no\/tilgjengelighet\/#Vart_mal\" >V\u00e5rt m\u00e5l<\/a><\/li><li class='ez-toc-page-1 ez-toc-heading-level-2'><a class=\"ez-toc-link ez-toc-heading-4\" href=\"https:\/\/transparencygate.com\/no\/tilgjengelighet\/#Tilgjengelighet_pa_var_side\" >Tilgjengelighet p\u00e5 v\u00e5r side<\/a><ul class='ez-toc-list-level-3' ><li class='ez-toc-heading-level-3'><a class=\"ez-toc-link ez-toc-heading-5\" href=\"https:\/\/transparencygate.com\/no\/tilgjengelighet\/#Vare_prinsipper_for_tilgjengelighet\" >V\u00e5re prinsipper for tilgjengelighet<\/a><\/li><li class='ez-toc-page-1 ez-toc-heading-level-3'><a class=\"ez-toc-link ez-toc-heading-6\" href=\"https:\/\/transparencygate.com\/no\/tilgjengelighet\/#Vi_jobber_med_WCAG_21_retningslinjene\" >Vi jobber med WCAG 2.1 retningslinjene<\/a><ul class='ez-toc-list-level-4' ><li class='ez-toc-heading-level-4'><a class=\"ez-toc-link ez-toc-heading-7\" href=\"https:\/\/transparencygate.com\/no\/tilgjengelighet\/#Nylige_oppdateringer_pa_nettsiden\" >Nylige oppdateringer p\u00e5 nettsiden<\/a><\/li><\/ul><\/li><\/ul><\/li><li class='ez-toc-page-1 ez-toc-heading-level-2'><a class=\"ez-toc-link ez-toc-heading-8\" href=\"https:\/\/transparencygate.com\/no\/tilgjengelighet\/#Veiledning_om_hvordan_du_tilpasser_brukertilgjengelighet\" >Veiledning om hvordan du tilpasser brukertilgjengelighet<\/a><ul class='ez-toc-list-level-4' ><li class='ez-toc-heading-level-4'><ul class='ez-toc-list-level-4' ><li class='ez-toc-heading-level-4'><a class=\"ez-toc-link ez-toc-heading-9\" href=\"https:\/\/transparencygate.com\/no\/tilgjengelighet\/#Tilgjengelighet_pa_PC\" >Tilgjengelighet p\u00e5 PC<\/a><\/li><li class='ez-toc-page-1 ez-toc-heading-level-4'><a class=\"ez-toc-link ez-toc-heading-10\" href=\"https:\/\/transparencygate.com\/no\/tilgjengelighet\/#Tilgjengelighet_pa_Mac_OS_X\" >Tilgjengelighet p\u00e5 Mac OS X<\/a><\/li><li class='ez-toc-page-1 ez-toc-heading-level-4'><a class=\"ez-toc-link ez-toc-heading-11\" href=\"https:\/\/transparencygate.com\/no\/tilgjengelighet\/#Tilgjengelighet_pa_nettbrett\" >Tilgjengelighet p\u00e5 nettbrett<\/a><\/li><li class='ez-toc-page-1 ez-toc-heading-level-4'><a class=\"ez-toc-link ez-toc-heading-12\" href=\"https:\/\/transparencygate.com\/no\/tilgjengelighet\/#Tilgjengelighet_pa_iPhone_og_iPad_iOS\" >Tilgjengelighet p\u00e5 iPhone og iPad (iOS)<\/a><\/li><li class='ez-toc-page-1 ez-toc-heading-level-4'><a class=\"ez-toc-link ez-toc-heading-13\" href=\"https:\/\/transparencygate.com\/no\/tilgjengelighet\/#Tilgjengelighet_pa_Android\" >Tilgjengelighet p\u00e5 Android<\/a><\/li><li class='ez-toc-page-1 ez-toc-heading-level-4'><a class=\"ez-toc-link ez-toc-heading-14\" href=\"https:\/\/transparencygate.com\/no\/tilgjengelighet\/#Hjelpetekster\" >Hjelpetekster<\/a><\/li><\/ul><\/li><\/ul><\/li><li class='ez-toc-page-1 ez-toc-heading-level-2'><a class=\"ez-toc-link ez-toc-heading-15\" href=\"https:\/\/transparencygate.com\/no\/tilgjengelighet\/#Gi_oss_beskjed_om_forbedringer_av_var_tilgjengelighet\" >Gi oss beskjed om forbedringer av v\u00e5r tilgjengelighet<\/a><\/li><\/ul><\/li><\/ul><\/nav><\/div>\n<\/span><\/p>\n<div class=\"row\">\n<div class=\"small-12 columns\">\n<hr \/>\n<div class=\"row\">\n<div class=\"small-12 large-9 columns\">\n<div class=\"showMessage\" role=\"alert\">\n<h2><span class=\"ez-toc-section\" id=\"Om_Transparency_Gate\"><\/span><span style=\"font-size: 100%;\">Om Transparency Gate<\/span><span class=\"ez-toc-section-end\"><\/span><\/h2>\n<p><span style=\"font-size: 100%;\">Transparency Gate er her for \u00e5 hjelpe virksomheter og organisasjoner med \u00e5 etterleve kravene i \u00c5penhetsloven, OECDs retningslinjer og relatert internasjonal \u00e5penhetslovgivning. Vi leverer en skybasert l\u00f8sning som automatiserer aktsomhetsvurdering av leverand\u00f8rer, rapportering og deling av informasjon om hvordan bedrifter h\u00e5ndterer negative konsekvenser for grunnleggende menneskerettigheter og anstendige arbeidsforhold.<\/span><\/p>\n<h2><span class=\"ez-toc-section\" id=\"Vart_mal\"><\/span><span style=\"font-size: 100%;\">V\u00e5rt m\u00e5l<\/span><span class=\"ez-toc-section-end\"><\/span><\/h2>\n<p><span style=\"font-size: 100%;\">Vi tar sikte p\u00e5 \u00e5 hjelpe med compliance og hvordan man bruker retningslinjer p\u00e5 en gunstig m\u00e5te, og vi \u00f8nsker \u00e5 tilby verdifull informasjon p\u00e5 nettstedet v\u00e5rt ang\u00e5ende \u00e5penhetslovgivning, som blir h\u00e5ndhevet i stadig flere land.<\/span><\/p>\n<p><span style=\"font-size: 100%;\">Denne tilgjengelighetserkl\u00e6ringen inkluderer eller ekskluderer ikke underdomener.<\/span><\/p>\n<h2><span class=\"ez-toc-section\" id=\"Tilgjengelighet_pa_var_side\"><\/span><span style=\"font-size: 100%;\">Tilgjengelighet p\u00e5 v\u00e5r side<\/span><span class=\"ez-toc-section-end\"><\/span><\/h2>\n<p><span style=\"font-size: 100%;\">Alle skal ha like muligheter til \u00e5 bruke nettsidene v\u00e5re. V\u00e5re m\u00e5l er \u00e5 gj\u00f8re innholdet v\u00e5rt s\u00e5 nyttig og tilgjengelig som mulig for alle bes\u00f8kende som s\u00f8ker fakta om \u00e5penhetsloven, relaterte emner, og for markedsledende selskaper som s\u00f8ker verdens beste verkt\u00f8y for etterlevelse av loven.<\/span><\/p>\n<p><span style=\"font-size: 100%;\">V\u00e5r kommunikasjonsavdeling er ansvarlig for v\u00e5re nettsider.<\/span><\/p>\n<p><span style=\"font-size: 100%;\">Vi f\u00f8lger Web Content Accessibility Guidelines <a href=\"https:\/\/www.w3.org\/WAI\/standards-guidelines\/wcag\/\"><u>(WCAG)<\/u><\/a> i alle v\u00e5re systemer og nettsteder. Vi f\u00f8lger Google&#8217;s siste oppdateringer av retningslinjer for <a href=\"https:\/\/developers.google.com\/search\/docs\/crawling-indexing\/consolidate-duplicate-urls?visit_id=637993399510146658-2549089518&amp;rd=1\">nyttig innhold<\/a> .<\/span><\/p>\n<h3><span class=\"ez-toc-section\" id=\"Vare_prinsipper_for_tilgjengelighet\"><\/span><span style=\"font-size: 100%;\">V\u00e5re prinsipper for tilgjengelighet<\/span><span class=\"ez-toc-section-end\"><\/span><\/h3>\n<ul>\n<li><span style=\"font-size: 100%;\">Vi har et tydelig og forst\u00e5elig spr\u00e5k.<\/span><\/li>\n<li><span style=\"font-size: 100%;\">V\u00e5re nettsider er kodet slik at innholdet kan leses gjennom hvilken som helst nettleser med hvilken som helst enhet.<\/span><\/li>\n<li><span style=\"font-size: 100%;\">Vi jobber systematisk med \u00e5 rette WCAG-feil fortl\u00f8pende<\/span><\/li>\n<li><span style=\"font-size: 100%;\">Du kan justere st\u00f8rrelsen p\u00e5 teksten i nettleseren din. <\/span><\/li>\n<li><span style=\"font-size: 100%;\">Vi oppfyller regelverket om fargekontrast, overskrifter og lenker.<\/span><\/li>\n<li><span style=\"font-size: 100%;\">Alle bildene har alt-tekst og beskrivelser.<\/span><\/li>\n<\/ul>\n<h3><span class=\"ez-toc-section\" id=\"Vi_jobber_med_WCAG_21_retningslinjene\"><\/span><span style=\"font-size: 100%;\">Vi jobber med WCAG 2.1 retningslinjene<\/span><span class=\"ez-toc-section-end\"><\/span><\/h3>\n<p><span style=\"font-size: 100%;\">I m\u00f8te av 2023, prioriterer vi \u00e5 f\u00e5 alle v\u00e5re nettsider og systemer oppdatert med de kommende nye WCAG 2.1-retningslinjene.<\/span><\/p>\n<p><strong><span style=\"font-size: 100%; color: #333333;\">Prioriterte omr\u00e5der<\/span><\/strong><\/p>\n<ul>\n<li><span style=\"font-size: 100%;\">Vedlikeholde og utvikle tilgjengelige nettsider.<\/span><\/li>\n<li><span style=\"font-size: 100%;\">Vi bygger nettsidene v\u00e5re flerspr\u00e5klig og tilgjengelig slik at s\u00e5 mange som mulig i offentligheten kan lese og forst\u00e5 informasjonen vi deler, spesielt om menneskerettigheter, anstendige arbeidsforhold, bedriftens \u00e5penhet og Transparency Gate.<\/span><\/li>\n<li><span style=\"font-size: 100%;\">Vi s\u00f8rger for at nettstedet har minst et niv\u00e5 AA i WCAG 2.0<\/span><\/li>\n<li><span style=\"font-size: 100%;\">Vi tilpasser innhold og funksjonalitet til de nye retningslinjene i WCAG 2.1<\/span><\/li>\n<li><span style=\"font-size: 100%;\">Vi f\u00f8lger <a href=\"https:\/\/lovdata.no\/dokument\/SF\/forskrift\/2013-06-21-732\"><u>regelverket til Universell utforming IKT<\/u><\/a> .<\/span><\/li>\n<li><span style=\"font-size: 100%;\">Inkluder og bruk av universelle designfilosofier n\u00e5r du utvikler systemer.<\/span><\/li>\n<\/ul>\n<h4><span class=\"ez-toc-section\" id=\"Nylige_oppdateringer_pa_nettsiden\"><\/span><strong><span style=\"font-size: 100%;\">Nylige oppdateringer p\u00e5 nettsiden<\/span><\/strong><span class=\"ez-toc-section-end\"><\/span><\/h4>\n<ul>\n<li><span style=\"font-size: 100%;\">Vi har optimalisert en del omr\u00e5der der kontrast har kunnet v\u00e6re et potensielt problem.<\/span><\/li>\n<li><span style=\"font-size: 100%;\">Feil knyttet til kontaktskjemaene har blitt rettet.<\/span><\/li>\n<li><span style=\"font-size: 100%;\">Visuell informasjon kan bli oversatt til tekst og omvendt.<\/span><\/li>\n<li><span style=\"font-size: 100%;\">Optimalisering av bilder og informasjon, inkludert metabeskrivelser.<\/span><\/li>\n<li><span style=\"font-size: 100%;\">For \u00e5 hjelpe bes\u00f8kende med \u00e5 navigere webomr\u00e5dene v\u00e5re har vi lagt til en innholdsfortegnelse \u00f8verst p\u00e5 hver innholdsrike side.<\/span><\/li>\n<li><span style=\"font-size: 100%;\">Vi har lagt inn en grundig intern-lenkestruktur for \u00e5 gj\u00f8re viktig informasjon mer tilgjengelig for bes\u00f8kende p\u00e5 nettstedene v\u00e5re.<\/span><\/li>\n<\/ul>\n<h2><span class=\"ez-toc-section\" id=\"Veiledning_om_hvordan_du_tilpasser_brukertilgjengelighet\"><\/span><span style=\"font-size: 100%; color: #333333;\">Veiledning om hvordan du tilpasser brukertilgjengelighet<\/span><span class=\"ez-toc-section-end\"><\/span><\/h2>\n<p><span style=\"font-size: 100%;\">Det er noen ting du kan gj\u00f8re i nettleseren og operativsystemet som muliggj\u00f8r justeringer tilpasset dine behov. Dette kan v\u00e6re sv\u00e6rt nyttig for de med nedsatt syn eller nedsatt evne til \u00e5 lese og forst\u00e5 tekst.<\/span><\/p>\n<h4><span class=\"ez-toc-section\" id=\"Tilgjengelighet_pa_PC\"><\/span><span style=\"font-size: 100%;\"><strong><b>Tilgjengelighet p\u00e5 PC<\/b><\/strong><\/span><span class=\"ez-toc-section-end\"><\/span><\/h4>\n<p><span style=\"font-size: 100%;\">For \u00e5 lytte til tekst i Windows kan du \u00e5pne hjelpesenteret ved \u00e5 trykke p\u00e5 Windows-knappen + U eller ved \u00e5 navigere til Start-menyen -&gt; Kontrollpanel&gt; Hjelpesenter&gt; og klikk p\u00e5 Start skjermleser. For \u00e5 avslutte skjermleseren, trykk p\u00e5 Windows-knappen + Enter.<\/span><\/p>\n<h4><span class=\"ez-toc-section\" id=\"Tilgjengelighet_pa_Mac_OS_X\"><\/span><span style=\"font-size: 100%;\"><strong><b>Tilgjengelighet p\u00e5 Mac OS X<\/b><\/strong><\/span><span class=\"ez-toc-section-end\"><\/span><\/h4>\n<p><span style=\"font-size: 100%;\">Fra versjon 10.4 i OS X kan du lytte til tekst ved \u00e5 \u00e5pne Finder og klikke p\u00e5 Systemalternativer. I Systemalternativer klikker du p\u00e5 &#8220;Tilgjengelighet&#8221; og velger VoiceOver p\u00e5 venstre side og klikker p\u00e5 Aktiver VoiceOver.<\/span><\/p>\n<h4><span class=\"ez-toc-section\" id=\"Tilgjengelighet_pa_nettbrett\"><\/span><span style=\"font-size: 100%;\"><strong><b>Tilgjengelighet p\u00e5 nettbrett<\/b><\/strong><\/span><span class=\"ez-toc-section-end\"><\/span><\/h4>\n<p><span style=\"font-size: 100%;\">Klikk p\u00e5 Windows-knappen og volum opp-knappen samtidig. Gjenta dette for \u00e5 avslutte.<\/span><\/p>\n<h4><span class=\"ez-toc-section\" id=\"Tilgjengelighet_pa_iPhone_og_iPad_iOS\"><\/span><span style=\"font-size: 100%;\"><strong><b>Tilgjengelighet p\u00e5 iPhone og iPad (iOS)<\/b><\/strong><\/span><span class=\"ez-toc-section-end\"><\/span><\/h4>\n<p><span style=\"font-size: 100%;\">Du kan aktivere VoiceOver ved \u00e5 g\u00e5 til Innstillinger&gt; Generell&gt; Tilgjengelighet p\u00e5 enheten din. Du kan ogs\u00e5 aktivere og deaktivere VoiceOver med tre klikk p\u00e5 hjem-knappen.<\/span><\/p>\n<p><span style=\"font-size: 100%;\">For \u00e5 lytte til tekst p\u00e5 iPhone og iPad kan du ogs\u00e5 bruke funksjonen &#8220;Leseskjerm&#8221;. Du kan aktivere dette ved \u00e5 g\u00e5 til Innstillinger&gt; Generell&gt; Tilgjengelighet&gt; Tale&gt; Les skjerm. Etter \u00e5 ha aktivert denne funksjonen kan du sveipe fra toppen av skjermen med to fingre for \u00e5 f\u00e5 teksten p\u00e5 skjermen med stemmen.<\/span><\/p>\n<h4><span class=\"ez-toc-section\" id=\"Tilgjengelighet_pa_Android\"><\/span><span style=\"font-size: 100%;\"><strong><b>Tilgjengelighet p\u00e5 Android<\/b><\/strong><\/span><span class=\"ez-toc-section-end\"><\/span><\/h4>\n<p><span style=\"font-size: 100%;\">Hvis du vil bruke tekst-til-tale-funksjonen p\u00e5 Android-enheten din, kan du gj\u00f8re dette ved \u00e5 navigere til Innstillinger&gt; Tilgjengelighet&gt; tekst til tale.<\/span><\/p>\n<h4><span class=\"ez-toc-section\" id=\"Hjelpetekster\"><\/span><span style=\"font-size: 100%;\"><strong><b>Hjelpetekster<\/b><\/strong><\/span><span class=\"ez-toc-section-end\"><\/span><\/h4>\n<p><span style=\"font-size: 100%;\">Alle bilder har alternativ tekst og diagrammer har beskrivelser som kan leses av hjelpeverkt\u00f8y (innholdsfortegnelse, tekst etc).<\/span><\/p>\n<\/div>\n<div class=\"showMessage\" role=\"alert\">\n<h2><span class=\"ez-toc-section\" id=\"Gi_oss_beskjed_om_forbedringer_av_var_tilgjengelighet\"><\/span><span style=\"font-size: 100%;\"><strong><b>Gi oss beskjed om forbedringer av v\u00e5r tilgjengelighet<\/b><\/strong><\/span><span class=\"ez-toc-section-end\"><\/span><\/h2>\n<p><span style=\"font-size: 100%;\">Er det noe som ikke fungerer som det skal, eller skrives p\u00e5 en m\u00e5te som gj\u00f8r det vanskelig \u00e5 forst\u00e5? <\/span><\/p>\n<p><span style=\"font-size: 100%;\">Vi setter stor pris p\u00e5 tilbakemeldinger om tilgjengelighet!<\/span><\/p>\n<\/div>\n<\/div>\n<\/div>\n<\/div>\n<\/div>\n<a href=\"https:\/\/transparencygate.com\/no\/kontakt\/\" target=\"_self\" class=\"button secondary expand\"  >\n    <span>Kontakt Oss<\/span>\n  <\/a>\n\n\n\n\t\t<\/div>\n\t\t\t\t\t<\/div>\n\n\t\n\n<\/div>\n\n\t\t<\/div>\n\n\t\t\n<style>\n#section_493908635 {\n  padding-top: 30px;\n  padding-bottom: 30px;\n}\n#section_493908635 .ux-shape-divider--top svg {\n  height: 150px;\n  --divider-top-width: 100%;\n}\n#section_493908635 .ux-shape-divider--bottom svg {\n  height: 150px;\n  --divider-width: 100%;\n}\n<\/style>\n\t<\/section>\n\t\n\n","protected":false},"excerpt":{"rendered":"","protected":false},"author":5,"featured_media":0,"parent":0,"menu_order":0,"comment_status":"closed","ping_status":"closed","template":"","meta":{"content-type":"","footnotes":""},"class_list":["post-1132","page","type-page","status-publish","hentry"],"yoast_head":"<!-- This site is optimized with the Yoast SEO plugin v27.3 - https:\/\/yoast.com\/product\/yoast-seo-wordpress\/ -->\n<title>Tilgjengelighet - transparencygate.com\/no<\/title>\n<meta name=\"robots\" content=\"index, follow, max-snippet:-1, max-image-preview:large, max-video-preview:-1\" \/>\n<link rel=\"canonical\" href=\"https:\/\/transparencygate.com\/no\/tilgjengelighet\/\" \/>\n<meta property=\"og:locale\" content=\"nb_NO\" \/>\n<meta property=\"og:type\" content=\"article\" \/>\n<meta property=\"og:title\" content=\"Tilgjengelighet - transparencygate.com\/no\" \/>\n<meta property=\"og:url\" content=\"https:\/\/transparencygate.com\/no\/tilgjengelighet\/\" \/>\n<meta property=\"og:site_name\" content=\"transparencygate.com\/no\" \/>\n<meta property=\"article:modified_time\" content=\"2023-09-06T07:32:05+00:00\" \/>\n<meta name=\"twitter:card\" content=\"summary_large_image\" \/>\n<meta name=\"twitter:label1\" content=\"Ansl. lesetid\" \/>\n\t<meta name=\"twitter:data1\" content=\"4 minutter\" \/>\n<script type=\"application\/ld+json\" class=\"yoast-schema-graph\">{\"@context\":\"https:\\\/\\\/schema.org\",\"@graph\":[{\"@type\":\"WebPage\",\"@id\":\"https:\\\/\\\/transparencygate.com\\\/no\\\/tilgjengelighet\\\/\",\"url\":\"https:\\\/\\\/transparencygate.com\\\/no\\\/tilgjengelighet\\\/\",\"name\":\"Tilgjengelighet - transparencygate.com\\\/no\",\"isPartOf\":{\"@id\":\"https:\\\/\\\/transparencygate.com\\\/#website\"},\"datePublished\":\"2022-09-02T13:42:33+00:00\",\"dateModified\":\"2023-09-06T07:32:05+00:00\",\"breadcrumb\":{\"@id\":\"https:\\\/\\\/transparencygate.com\\\/no\\\/tilgjengelighet\\\/#breadcrumb\"},\"inLanguage\":\"nb-NO\",\"potentialAction\":[{\"@type\":\"ReadAction\",\"target\":[\"https:\\\/\\\/transparencygate.com\\\/no\\\/tilgjengelighet\\\/\"]}]},{\"@type\":\"BreadcrumbList\",\"@id\":\"https:\\\/\\\/transparencygate.com\\\/no\\\/tilgjengelighet\\\/#breadcrumb\",\"itemListElement\":[{\"@type\":\"ListItem\",\"position\":1,\"name\":\"Home\",\"item\":\"https:\\\/\\\/transparencygate.com\\\/no\\\/\"},{\"@type\":\"ListItem\",\"position\":2,\"name\":\"Tilgjengelighet\"}]},{\"@type\":\"WebSite\",\"@id\":\"https:\\\/\\\/transparencygate.com\\\/#website\",\"url\":\"https:\\\/\\\/transparencygate.com\\\/\",\"name\":\"transparencygate.com\\\/no\",\"description\":\"\",\"potentialAction\":[{\"@type\":\"SearchAction\",\"target\":{\"@type\":\"EntryPoint\",\"urlTemplate\":\"https:\\\/\\\/transparencygate.com\\\/?s={search_term_string}\"},\"query-input\":{\"@type\":\"PropertyValueSpecification\",\"valueRequired\":true,\"valueName\":\"search_term_string\"}}],\"inLanguage\":\"nb-NO\"}]}<\/script>\n<!-- \/ Yoast SEO plugin. -->","yoast_head_json":{"title":"Tilgjengelighet - transparencygate.com\/no","robots":{"index":"index","follow":"follow","max-snippet":"max-snippet:-1","max-image-preview":"max-image-preview:large","max-video-preview":"max-video-preview:-1"},"canonical":"https:\/\/transparencygate.com\/no\/tilgjengelighet\/","og_locale":"nb_NO","og_type":"article","og_title":"Tilgjengelighet - transparencygate.com\/no","og_url":"https:\/\/transparencygate.com\/no\/tilgjengelighet\/","og_site_name":"transparencygate.com\/no","article_modified_time":"2023-09-06T07:32:05+00:00","twitter_card":"summary_large_image","twitter_misc":{"Ansl. lesetid":"4 minutter"},"schema":{"@context":"https:\/\/schema.org","@graph":[{"@type":"WebPage","@id":"https:\/\/transparencygate.com\/no\/tilgjengelighet\/","url":"https:\/\/transparencygate.com\/no\/tilgjengelighet\/","name":"Tilgjengelighet - transparencygate.com\/no","isPartOf":{"@id":"https:\/\/transparencygate.com\/#website"},"datePublished":"2022-09-02T13:42:33+00:00","dateModified":"2023-09-06T07:32:05+00:00","breadcrumb":{"@id":"https:\/\/transparencygate.com\/no\/tilgjengelighet\/#breadcrumb"},"inLanguage":"nb-NO","potentialAction":[{"@type":"ReadAction","target":["https:\/\/transparencygate.com\/no\/tilgjengelighet\/"]}]},{"@type":"BreadcrumbList","@id":"https:\/\/transparencygate.com\/no\/tilgjengelighet\/#breadcrumb","itemListElement":[{"@type":"ListItem","position":1,"name":"Home","item":"https:\/\/transparencygate.com\/no\/"},{"@type":"ListItem","position":2,"name":"Tilgjengelighet"}]},{"@type":"WebSite","@id":"https:\/\/transparencygate.com\/#website","url":"https:\/\/transparencygate.com\/","name":"transparencygate.com\/no","description":"","potentialAction":[{"@type":"SearchAction","target":{"@type":"EntryPoint","urlTemplate":"https:\/\/transparencygate.com\/?s={search_term_string}"},"query-input":{"@type":"PropertyValueSpecification","valueRequired":true,"valueName":"search_term_string"}}],"inLanguage":"nb-NO"}]}},"_links":{"self":[{"href":"https:\/\/transparencygate.com\/no\/wp-json\/wp\/v2\/pages\/1132","targetHints":{"allow":["GET"]}}],"collection":[{"href":"https:\/\/transparencygate.com\/no\/wp-json\/wp\/v2\/pages"}],"about":[{"href":"https:\/\/transparencygate.com\/no\/wp-json\/wp\/v2\/types\/page"}],"author":[{"embeddable":true,"href":"https:\/\/transparencygate.com\/no\/wp-json\/wp\/v2\/users\/5"}],"replies":[{"embeddable":true,"href":"https:\/\/transparencygate.com\/no\/wp-json\/wp\/v2\/comments?post=1132"}],"version-history":[{"count":0,"href":"https:\/\/transparencygate.com\/no\/wp-json\/wp\/v2\/pages\/1132\/revisions"}],"wp:attachment":[{"href":"https:\/\/transparencygate.com\/no\/wp-json\/wp\/v2\/media?parent=1132"}],"curies":[{"name":"wp","href":"https:\/\/api.w.org\/{rel}","templated":true}]}}